{"id":34,"date":"2018-10-10T10:18:04","date_gmt":"2018-10-10T10:18:04","guid":{"rendered":"http:\/\/newsite.fit-kid.pl\/?page_id=34"},"modified":"2024-09-08T10:51:44","modified_gmt":"2024-09-08T08:51:44","slug":"about-me","status":"publish","type":"page","link":"https:\/\/newsite.fit-kid.pl\/?page_id=34","title":{"rendered":"About Me"},"content":{"rendered":"\n\n\t\t\t\t<img decoding=\"async\" src=\"https:\/\/newsite.fit-kid.pl\/wp-content\/uploads\/2024\/07\/fitkid-header-03.png\" alt=\"fitkid-header-03\" itemprop=\"image\"\/>\n\t<h3>\n\t\t\t\t\tO nas\n\t\t\t\t<\/h3>\n\t<h1>\n\t\t\t\t\tJESTE\u015aMY FIT-KID\n\t\t\t\t<\/h1>\n\t\t\t<p>Centrum Terapii i Ruchu FIT-KID to firma powsta\u0142a w 2014 roku maj\u0105ca na celu rozpowszechnianie zdrowego trybu \u017cycia, a co za tym idzie osi\u0105gni\u0119cie pozytywnych efekt\u00f3w ca\u0142okszta\u0142tu dzia\u0142a\u0144 oraz pog\u0142\u0119bienie motywacji w post\u0119powaniu korekcyjnym dzieci i aktywno\u015bci fizycznej w\u015br\u00f3d os\u00f3b doros\u0142ych.<\/p>\n\t<h2>\n\t\t\t\t\tJESTE\u015aMY DLA WAS!\n\t\t\t\t<\/h2>\n\t<p>G\u0142\u00f3wnymi celami s\u0105 zaj\u0119cia z gimnastyki korekcyjnej i pomoc w rehabilitacji ruchowej osobom z deficytami aparatu ruchu, korygowanie istniej\u0105cych, zapobieganie powstawaniu nowych wad postaw oraz u\u015bwiadomienie dziecku i rodzicom sensu i celu stosowanych \u0107wicze\u0144 i zabaw korekcyjnych, kt\u00f3re bez w\u0105tpienia rozwijaj\u0105 potrzeby ruchowe.<\/p>\n<p>W plac\u00f3wce pracuje m\u0142oda wykwalifikowana i bardzo ambitna kadra, kt\u00f3ra zawsze dobiera indywidualnie zaj\u0119cia (po wcze\u015bniejszej diagnozie fizjoterapeuty plac\u00f3wki), opieraj\u0105c si\u0119 o zasady i formy dydaktyczno- wychowawcze procesu korekcyjnego. Nasza firma \u015bwiadczy us\u0142ugi w ramach treningu personalnego dla os\u00f3b doros\u0142ych i m\u0142odzie\u017cy. Celem pracy naszych trener\u00f3w personalnych jest skuteczne, fachowe, kompleksowe i bezpieczne realizowanie z klientem trening\u00f3w pod k\u0105tem okre\u015blonych oczekiwa\u0144.<\/p>\n\t<p>Trenerzy pomagaj\u0105 ludziom w osi\u0105gni\u0119ciu po\u017c\u0105danej kondycji fizycznej, sylwetki, a przede wszystkim zdrowia i \u015bwietnego samopoczucia. W tym celu nast\u0119puje indywidualne dopasowanie i cz\u0119stotliwo\u015b\u0107 programu \u0107wicze\u0144 oraz dobranie odpowiedniej diety dla klienta uwzgl\u0119dniaj\u0105c jego warunki fizyczne, stan zdrowia oraz charakter. Ponadto trener zapoznaje klienta z zasadami \u017cywienia i stylu \u017cycia sprzyjaj\u0105cego szybszym efektom treningowym.<\/p>\n<p>Stanowi\u0105 r\u00f3wnie\u017c g\u0142\u00f3wne \u017ar\u00f3d\u0142o wiedzy o sposobach i formach samodzielnego usprawniania.\u00a0Bardzo wa\u017cne w \u017cyciu ka\u017cdego cz\u0142owieka a zw\u0142aszcza ma\u0142ej pociechy jest kszta\u0142towanie umiej\u0119tno\u015bci utrzymywania prawid\u0142owej postawy w codziennym funkcjonowaniu, wi\u0105\u017ce si\u0119 to z u\u015bwiadomieniem celowo\u015bci korzy\u015bci p\u0142yn\u0105cych z udzia\u0142u w naszych zaj\u0119ciach.<\/p>\n\t\t\t\t<img decoding=\"async\" src=\"https:\/\/newsite.fit-kid.pl\/wp-content\/uploads\/bb-plugin\/cache\/lukasz-nosal-01-circle.png\" alt=\"lukasz-nosal-01\" itemprop=\"image\"\/>\n\t<h6>\n\t\t\t\t\t<strong>\u0141ukasz Nosal<\/strong> <br \/>w\u0142a\u015bciciel \/ trener personalny\n\t\t\t\t<\/h6>\n\t\t\t\t<img decoding=\"async\" src=\"https:\/\/newsite.fit-kid.pl\/wp-content\/uploads\/bb-plugin\/cache\/awatar-01-circle.png\" alt=\"awatar-01\" itemprop=\"image\"\/>\n\t<h6>\n\t\t\t\t\tKto tutaj?\n\t\t\t\t<\/h6>\n\t\t\t\t<img decoding=\"async\" src=\"https:\/\/newsite.fit-kid.pl\/wp-content\/uploads\/bb-plugin\/cache\/awatar-01-circle.png\" alt=\"awatar-01\" itemprop=\"image\"\/>\n\t<h6>\n\t\t\t\t\tKto tutaj?\n\t\t\t\t<\/h6>\n\t\t\t\t<img decoding=\"async\" src=\"https:\/\/newsite.fit-kid.pl\/wp-content\/uploads\/bb-plugin\/cache\/awatar-01-circle.png\" alt=\"awatar-01\" itemprop=\"image\"\/>\n\t<h6>\n\t\t\t\t\tKto tutaj?\n\t\t\t\t<\/h6>\n\t\t\t\t<img decoding=\"async\" src=\"https:\/\/newsite.fit-kid.pl\/wp-content\/uploads\/bb-plugin\/cache\/awatar-01-circle.png\" alt=\"awatar-01\" itemprop=\"image\"\/>\n\t<h6>\n\t\t\t\t\tKto tutaj?\n\t\t\t\t<\/h6>\n\t\t\t\t<img decoding=\"async\" src=\"https:\/\/newsite.fit-kid.pl\/wp-content\/uploads\/bb-plugin\/cache\/awatar-01-circle.png\" alt=\"awatar-01\" itemprop=\"image\"\/>\n\t<h6>\n\t\t\t\t\tKto tutaj?\n\t\t\t\t<\/h6>\n\n","protected":false},"excerpt":{"rendered":"<p>O nas JESTE\u015aMY FIT-KID Centrum Terapii i Ruchu FIT-KID to firma powsta\u0142a w 2014 roku maj\u0105ca na celu rozpowszechnianie zdrowego trybu \u017cycia, a co za tym idzie osi\u0105gni\u0119cie pozytywnych efekt\u00f3w ca\u0142okszta\u0142tu dzia\u0142a\u0144 oraz pog\u0142\u0119bienie motywacji w post\u0119powaniu korekcyjnym dzieci i aktywno\u015bci fizycznej w\u015br\u00f3d os\u00f3b doros\u0142ych. JESTE\u015aMY DLA WAS! G\u0142\u00f3wnymi celami s\u0105 zaj\u0119cia z gimnastyki korekcyjnej &hellip;<\/p>\n<p class=\"read-more\"> <a class=\"\" href=\"https:\/\/newsite.fit-kid.pl\/?page_id=34\"> <span class=\"screen-reader-text\">About Me<\/span> Read More &raquo;<\/a><\/p>\n","protected":false},"author":1,"featured_media":0,"parent":0,"menu_order":0,"comment_status":"closed","ping_status":"closed","template":"","meta":{"site-sidebar-layout":"no-sidebar","site-content-layout":"page-builder","ast-site-content-layout":"","site-content-style":"default","site-sidebar-style":"default","ast-global-header-display":"","ast-banner-title-visibility":"","ast-main-header-display":"","ast-hfb-above-header-display":"","ast-hfb-below-header-display":"","ast-hfb-mobile-header-display":"","site-post-title":"disabled","ast-breadcrumbs-content":"","ast-featured-img":"disabled","footer-sml-layout":"","theme-transparent-header-meta":"","adv-header-id-meta":"","stick-header-meta":"","header-above-stick-meta":"","header-main-stick-meta":"","header-below-stick-meta":"","astra-migrate-meta-layouts":"","footnotes":""},"class_list":["post-34","page","type-page","status-publish","hentry"],"_links":{"self":[{"href":"https:\/\/newsite.fit-kid.pl\/index.php?rest_route=\/wp\/v2\/pages\/34","targetHints":{"allow":["GET"]}}],"collection":[{"href":"https:\/\/newsite.fit-kid.pl\/index.php?rest_route=\/wp\/v2\/pages"}],"about":[{"href":"https:\/\/newsite.fit-kid.pl\/index.php?rest_route=\/wp\/v2\/types\/page"}],"author":[{"embeddable":true,"href":"https:\/\/newsite.fit-kid.pl\/index.php?rest_route=\/wp\/v2\/users\/1"}],"replies":[{"embeddable":true,"href":"https:\/\/newsite.fit-kid.pl\/index.php?rest_route=%2Fwp%2Fv2%2Fcomments&post=34"}],"version-history":[{"count":7,"href":"https:\/\/newsite.fit-kid.pl\/index.php?rest_route=\/wp\/v2\/pages\/34\/revisions"}],"predecessor-version":[{"id":657,"href":"https:\/\/newsite.fit-kid.pl\/index.php?rest_route=\/wp\/v2\/pages\/34\/revisions\/657"}],"wp:attachment":[{"href":"https:\/\/newsite.fit-kid.pl\/index.php?rest_route=%2Fwp%2Fv2%2Fmedia&parent=34"}],"curies":[{"name":"wp","href":"https:\/\/api.w.org\/{rel}","templated":true}]}}