{"id":94,"date":"2018-10-10T13:04:48","date_gmt":"2018-10-10T13:04:48","guid":{"rendered":"http:\/\/newsite.fit-kid.pl\/?page_id=94"},"modified":"2024-09-08T09:36:46","modified_gmt":"2024-09-08T07:36:46","slug":"get-fit","status":"publish","type":"page","link":"https:\/\/newsite.fit-kid.pl\/?page_id=94","title":{"rendered":"Get Fit"},"content":{"rendered":"\n\n\t\t\t\t<img decoding=\"async\" src=\"https:\/\/newsite.fit-kid.pl\/wp-content\/uploads\/2024\/07\/fitkid-header-03.png\" alt=\"fitkid-header-03\" itemprop=\"image\"\/>\n\t<h3>\n\t\t\t\t\tJeste\u015bmy blisko\n\t\t\t\t<\/h3>\n\t<h1>\n\t\t\t\t\tB\u0105d\u017amy w kontakcie\n\t\t\t\t<\/h1>\n\t\t\t<p>W Centrum Terapii i Ruchu Fit-Kid jeste\u015bmy do Twojej dyspozycji. Je\u015bli masz pytania, chcesz dowiedzie\u0107 si\u0119 wi\u0119cej o formach zaj\u0119ciowych lub o naszym cenniku, zapraszamy do kontaktu. Odpowiemy tak szybko, jak to mo\u017cliwe.\u00a0<\/p>\n\t<h2>\n\t\t\t\t\tCentrum Terapii <br \/>i Ruchu FIT-KID\n\t\t\t\t<\/h2>\n\t\t\t<p>ul. Berka Joselewicza 8, 33-300 Nowy S\u0105cz<\/p>\n\t\t\t\t<img decoding=\"async\" src=\"https:\/\/newsite.fit-kid.pl\/wp-content\/uploads\/2024\/07\/fitkid-header-03.png\" alt=\"fitkid-header-03\" itemprop=\"image\"\/>\n\t<h3>\n\t\t\t\t\tKontakt\n\t\t\t\t<\/h3>\n\t\t\t<p><strong>Tel. kom: +48\u00a0<\/strong>792-858-786<br \/><strong>E-mail:\u00a0<\/strong>biuro@fit-kid.pl<\/p>\n<p><strong>Parkowanie:<\/strong> obok posesji<\/p>\n\t<h3>\n\t\t\t\t\tGodziny otwarcia\n\t\t\t\t<\/h3>\n\t\t\t<p>Pon &#8211; Pt: 12:00 &#8211; 20:00<br \/>Sobota: Nieczynne<br \/>Niedziela: Nieczynne<\/p>\n\t<h3>\n\t\t\t\t\tP\u0142atno\u015bci\n\t\t\t\t<\/h3>\n\t\t\t<p><strong>Numer konta bankowego:<\/strong><br \/>36 1090 2590 0000 0001 3584 3775<br \/>(Santander Bank Polska)<\/p>\n\t<h3>\n\t\t\t\t\tNapisz do nas!\n\t\t\t\t<\/h3>\n\t<div class=\"wpforms-container \" id=\"wpforms-6\"><form id=\"wpforms-form-6\" class=\"wpforms-validate wpforms-form\" data-formid=\"6\" method=\"post\" enctype=\"multipart\/form-data\" action=\"\/index.php?rest_route=%2Fwp%2Fv2%2Fpages%2F94\" data-token=\"6c91e239823ea18fb736431d07cd6fc3\"><noscript class=\"wpforms-error-noscript\">Aby wype\u0142ni\u0107 ten formularz, w\u0142\u0105cz obs\u0142ug\u0119 JavaScript w przegl\u0105darce.<\/noscript><div class=\"wpforms-field-container\"><div id=\"wpforms-6-field_0-container\" class=\"wpforms-field wpforms-field-name\" data-field-id=\"0\"><label class=\"wpforms-field-label wpforms-label-hide\" for=\"wpforms-6-field_0\">Imi\u0119 <span class=\"wpforms-required-label\">*<\/span><\/label><input type=\"text\" id=\"wpforms-6-field_0\" class=\"wpforms-field-large wpforms-field-required\" name=\"wpforms[fields][0]\" placeholder=\"Imi\u0119\" required><\/div><div id=\"wpforms-6-field_1-container\" class=\"wpforms-field wpforms-field-email\" data-field-id=\"1\"><label class=\"wpforms-field-label wpforms-label-hide\" for=\"wpforms-6-field_1\">Email <span class=\"wpforms-required-label\">*<\/span><\/label><input type=\"email\" id=\"wpforms-6-field_1\" class=\"wpforms-field-large wpforms-field-required\" name=\"wpforms[fields][1]\" placeholder=\"Email\" spellcheck=\"false\" required><\/div><div id=\"wpforms-6-field_3-container\" class=\"wpforms-field wpforms-field-text\" data-field-id=\"3\"><label class=\"wpforms-field-label wpforms-label-hide\" for=\"wpforms-6-field_3\">Temat <span class=\"wpforms-required-label\">*<\/span><\/label><input type=\"text\" id=\"wpforms-6-field_3\" class=\"wpforms-field-large wpforms-field-required\" name=\"wpforms[fields][3]\" placeholder=\"Temat\" required><\/div><div id=\"wpforms-6-field_2-container\" class=\"wpforms-field wpforms-field-textarea\" data-field-id=\"2\"><label class=\"wpforms-field-label wpforms-label-hide\" for=\"wpforms-6-field_2\">Wiadomo\u015b\u0107 <span class=\"wpforms-required-label\">*<\/span><\/label><textarea id=\"wpforms-6-field_2\" class=\"wpforms-field-medium wpforms-field-required\" name=\"wpforms[fields][2]\" placeholder=\"Wiadomo\u015b\u0107\" required><\/textarea><\/div><\/div><!-- .wpforms-field-container --><div class=\"wpforms-field wpforms-field-hp\"><label for=\"wpforms-6-field-hp\" class=\"wpforms-field-label\">Website<\/label><input type=\"text\" name=\"wpforms[hp]\" id=\"wpforms-6-field-hp\" class=\"wpforms-field-medium\"><\/div><div class=\"wpforms-submit-container\" ><input type=\"hidden\" name=\"wpforms[id]\" value=\"6\"><input type=\"hidden\" name=\"wpforms[author]\" value=\"1\"><button type=\"submit\" name=\"wpforms[submit]\" id=\"wpforms-submit-6\" class=\"wpforms-submit\" data-alt-text=\"Wysy\u0142anie...\" data-submit-text=\"Wy\u015blij wiadomo\u015b\u0107\" aria-live=\"assertive\" value=\"wpforms-submit\">Wy\u015blij wiadomo\u015b\u0107<\/button><\/div><\/form><\/div>  <!-- .wpforms-container -->\n\t<iframe src=\"https:\/\/www.google.com\/maps\/embed?pb=!1m18!1m12!1m3!1d2584.4266259785113!2d20.68785691206533!3d49.62741337132766!2m3!1f0!2f0!3f0!3m2!1i1024!2i768!4f13.1!3m3!1m2!1s0x473dfab3083f8457%3A0x72120387dcfa10f8!2sFIT-KID%20Centrum%20Terapii%20i%20Ruchu!5e0!3m2!1spl!2spl!4v1725780425294!5m2!1spl!2spl\" width=\"600\" height=\"450\" allowfullscreen=\"\" loading=\"lazy\" referrerpolicy=\"no-referrer-when-downgrade\"><\/iframe>\n\n","protected":false},"excerpt":{"rendered":"<p>Jeste\u015bmy blisko B\u0105d\u017amy w kontakcie W Centrum Terapii i Ruchu Fit-Kid jeste\u015bmy do Twojej dyspozycji. Je\u015bli masz pytania, chcesz dowiedzie\u0107 si\u0119 wi\u0119cej o formach zaj\u0119ciowych lub o naszym cenniku, zapraszamy do kontaktu. Odpowiemy tak szybko, jak to mo\u017cliwe.\u00a0 Centrum Terapii i Ruchu FIT-KID ul. Berka Joselewicza 8, 33-300 Nowy S\u0105cz Kontakt Tel. kom: +48\u00a0792-858-786E-mail:\u00a0biuro@fit-kid.pl Parkowanie: &hellip;<\/p>\n<p class=\"read-more\"> <a class=\"\" href=\"https:\/\/newsite.fit-kid.pl\/?page_id=94\"> <span class=\"screen-reader-text\">Get Fit<\/span> Read More &raquo;<\/a><\/p>\n","protected":false},"author":1,"featured_media":0,"parent":0,"menu_order":0,"comment_status":"closed","ping_status":"closed","template":"","meta":{"site-sidebar-layout":"no-sidebar","site-content-layout":"page-builder","ast-site-content-layout":"","site-content-style":"default","site-sidebar-style":"default","ast-global-header-display":"","ast-banner-title-visibility":"","ast-main-header-display":"","ast-hfb-above-header-display":"","ast-hfb-below-header-display":"","ast-hfb-mobile-header-display":"","site-post-title":"disabled","ast-breadcrumbs-content":"","ast-featured-img":"disabled","footer-sml-layout":"","theme-transparent-header-meta":"","adv-header-id-meta":"","stick-header-meta":"","header-above-stick-meta":"","header-main-stick-meta":"","header-below-stick-meta":"","astra-migrate-meta-layouts":"","footnotes":""},"class_list":["post-94","page","type-page","status-publish","hentry"],"_links":{"self":[{"href":"https:\/\/newsite.fit-kid.pl\/index.php?rest_route=\/wp\/v2\/pages\/94","targetHints":{"allow":["GET"]}}],"collection":[{"href":"https:\/\/newsite.fit-kid.pl\/index.php?rest_route=\/wp\/v2\/pages"}],"about":[{"href":"https:\/\/newsite.fit-kid.pl\/index.php?rest_route=\/wp\/v2\/types\/page"}],"author":[{"embeddable":true,"href":"https:\/\/newsite.fit-kid.pl\/index.php?rest_route=\/wp\/v2\/users\/1"}],"replies":[{"embeddable":true,"href":"https:\/\/newsite.fit-kid.pl\/index.php?rest_route=%2Fwp%2Fv2%2Fcomments&post=94"}],"version-history":[{"count":6,"href":"https:\/\/newsite.fit-kid.pl\/index.php?rest_route=\/wp\/v2\/pages\/94\/revisions"}],"predecessor-version":[{"id":641,"href":"https:\/\/newsite.fit-kid.pl\/index.php?rest_route=\/wp\/v2\/pages\/94\/revisions\/641"}],"wp:attachment":[{"href":"https:\/\/newsite.fit-kid.pl\/index.php?rest_route=%2Fwp%2Fv2%2Fmedia&parent=94"}],"curies":[{"name":"wp","href":"https:\/\/api.w.org\/{rel}","templated":true}]}}